{"id":97634,"date":"2025-11-12T11:03:30","date_gmt":"2025-11-12T10:03:30","guid":{"rendered":"https:\/\/power-shift.de\/?page_id=97634"},"modified":"2026-03-25T13:55:47","modified_gmt":"2026-03-25T12:55:47","slug":"barrierefreiheitserklaerung","status":"publish","type":"page","link":"https:\/\/power-shift.de\/en\/barrierefreiheitserklaerung\/","title":{"rendered":"Declaration of Accessibility"},"content":{"rendered":"<h1 class=\"MuiTypography-root MuiTypography-h1 css-1km5t56\">Declaration of Accessibility<\/h1>\n<p><\/p>\n<p>PowerShift e.V. strives to make its website accessible in accordance with the Accessibility Strengthening Act (BFSG) and the Accessibility Strengthening Act (BFSGV). This declaration shall apply to: <a href=\"https:\/\/power-shift.de\/en\/\">https:\/\/power-shift.de\/<\/a>.<\/p>\n<p><\/p>\n<h2 class=\"MuiTypography-root MuiTypography-h2 css-1st51ro\">Description of the service<\/h2>\n<p>Our website is an information portal on trade, investment, raw materials, energy and climate policy (editorial website content). On our website you will find publications: Studies, reports, background papers, factsheets and briefings as HTML and PDF, a podcast \u201cKompass Weltwirtschaft\u201d (embedded audio player), events: Notices, registration forms and materials related to webinars, workshops and briefings, newsletter registration, news and contact press area, contact and donation forms, and embedded third-party content (e.g. audio\/video players, social media posts).<\/p>\n<p><\/p>\n<h2 class=\"MuiTypography-root MuiTypography-h2 css-1st51ro\">How our website meets accessibility requirements<\/h2>\n<p><\/p>\n<h3 class=\"MuiTypography-root MuiTypography-h3 css-q9aprc\">State of compliance with the requirements<\/h3>\n<p><\/p>\n<p>Our products and services can be found, accessed and used by persons with disabilities in the usual way, without any particular difficulty and basically without outside help.<\/p>\n<p><\/p>\n<p>Our website is in large part compatible with the BFSG and the BFSGV. However, there are still some barriers on our pages that we are actively working on and want to remove in the future. The following exceptions and incompatibilities exist:<\/p>\n<p><\/p>\n<p><b>The following content is not barrier-free as it is not compatible with the underlying harmonised standard EN 301 549:<\/p>\n<p><\/b><\/p>\n<ul>\n<li style=\"list-style-position: outside; margin-left: 1em;\">On individual pages, the contrast between text and background is too low. <\/li>\n<li style=\"list-style-position: outside; margin-left: 1em;\">On individual pages, there are \u2018iframe\u2019 elements without labeling. Navigation with screen readers to the iframes is difficult. <\/li>\n<li style=\"list-style-position: outside; margin-left: 1em;\">On several pages, there are elements with the attribute Aria-hidden that can be focused at the same time. This makes these elements achievable for assistive technologies, although they should be hidden. <\/li>\n<li style=\"list-style-position: outside; margin-left: 1em;\">On several pages there are interactive elements whose name is not part of the label. This makes it difficult to control the website via voice control. <\/li>\n<\/ul>\n<p><span>This statement was made on <b>25.03.2026<\/b> created. The statement was made using the Eye-Able technology of the <a href=\"https:\/\/eye-able.com\/\">Web Inclusion<\/a> created. Eye-Able Report \u2013 a product of Web Inclusion GmbH \u2013 has gone through all the machine-verifiable test steps. <\/span><br \/><span>This statement was last reviewed on 25.03.2026.<\/span><\/p>\n<h2 class=\"MuiTypography-root MuiTypography-h2 css-1st51ro\">Contact details <br \/><\/h2>\n<p>You can report any case of difficulty in accessing the content of the website to us: <\/p>\n<p>PowerShift e.V.<br \/>Greifswalder Str. 4<br \/>10405 Berlin<br \/><a href=\"mailto:info@power-shift.de\" aria-label=\"Send an email to info@power-shift.de\">info@power-shift.de<\/a><\/p>\n<h2 class=\"MuiTypography-root MuiTypography-h2 css-1st51ro\">Market surveillance authority<\/h2>\n<p><\/p>\n<p>The contact details of the market surveillance authority responsible for us are: <\/p>\n<p>MLBF A\u00f6R <br \/>Market Surveillance Body of the L\u00e4nder for the Accessibility of Products and Services <br \/>Carl-Miller-Str. 6 <br \/>39112 Magdeburg<br \/><a href=\"mailto:MLBF@ms.sachsen-\u200banhalt.de\" aria-label=\"Send an email to MLBF@ms.sachsen- anhalt.de\">MLBF@ms.sachsen- anhalt.de<\/a> <br \/>Tel.: 0391 567 6970 <\/p>\n<p><\/p>\n<h2 class=\"MuiTypography-root MuiTypography-h2 css-1st51ro\">disclaimer<\/h2>\n<p><\/p>\n<p>The automatic verification of the web content took place on: 25.03.2026. For the web content when called up by Eye-Able, the browser Google Chrome was used in version 136.0.7103.92. For the tested application version under the specified browser and operating system parameters, we guarantee the accuracy of the information provided. If different versions or environments are used, a different representation is possible, which may differ from the results made here. For a complete check, manual tests by the website operator are also recommended.<\/p>","protected":false},"excerpt":{"rendered":"<p>Barrierefreiheitserkl\u00e4rung PowerShift e.V. ist bem\u00fcht, seine\/ihre Website im Einklang mit dem Barrierefreiheitsst\u00e4rkungsgesetz (BFSG) und der Verordnung zum Barrierefreiheitsst\u00e4rkungsgesetz (BFSGV) barrierefrei zug\u00e4nglich zu machen. Diese Erkl\u00e4rung gilt f\u00fcr https:\/\/power-shift.de\/. Beschreibung der Dienstleistung Unsere Webseite ist ein Informationsportal zu Handels-, Investitions-, Rohstoff-, Energie- und Klimapolitik (redaktionelle Webseiten-Inhalte). Auf unserer Webseite finden Sie Publikationen: Studien, Berichte, Hintergrundpapiere, Factsheets&hellip;<\/p>","protected":false},"author":33,"featured_media":93669,"parent":0,"menu_order":5,"comment_status":"closed","ping_status":"closed","template":"","meta":{"_acf_changed":false,"footnotes":""},"categories":[],"tags":[],"thema":[],"coauthors":[97],"class_list":["post-97634","page","type-page","status-publish","has-post-thumbnail","hentry","entry","has-media"],"acf":[],"_links":{"self":[{"href":"https:\/\/power-shift.de\/en\/wp-json\/wp\/v2\/pages\/97634","targetHints":{"allow":["GET"]}}],"collection":[{"href":"https:\/\/power-shift.de\/en\/wp-json\/wp\/v2\/pages"}],"about":[{"href":"https:\/\/power-shift.de\/en\/wp-json\/wp\/v2\/types\/page"}],"author":[{"embeddable":true,"href":"https:\/\/power-shift.de\/en\/wp-json\/wp\/v2\/users\/33"}],"replies":[{"embeddable":true,"href":"https:\/\/power-shift.de\/en\/wp-json\/wp\/v2\/comments?post=97634"}],"version-history":[{"count":5,"href":"https:\/\/power-shift.de\/en\/wp-json\/wp\/v2\/pages\/97634\/revisions"}],"predecessor-version":[{"id":98893,"href":"https:\/\/power-shift.de\/en\/wp-json\/wp\/v2\/pages\/97634\/revisions\/98893"}],"wp:featuredmedia":[{"embeddable":true,"href":"https:\/\/power-shift.de\/en\/wp-json\/wp\/v2\/media\/93669"}],"wp:attachment":[{"href":"https:\/\/power-shift.de\/en\/wp-json\/wp\/v2\/media?parent=97634"}],"wp:term":[{"taxonomy":"category","embeddable":true,"href":"https:\/\/power-shift.de\/en\/wp-json\/wp\/v2\/categories?post=97634"},{"taxonomy":"post_tag","embeddable":true,"href":"https:\/\/power-shift.de\/en\/wp-json\/wp\/v2\/tags?post=97634"},{"taxonomy":"thema","embeddable":true,"href":"https:\/\/power-shift.de\/en\/wp-json\/wp\/v2\/thema?post=97634"},{"taxonomy":"author","embeddable":true,"href":"https:\/\/power-shift.de\/en\/wp-json\/wp\/v2\/coauthors?post=97634"}],"curies":[{"name":"wp","href":"https:\/\/api.w.org\/{rel}","templated":true}]}}