{"id":96144,"date":"2019-07-25T12:10:38","date_gmt":"2019-07-25T10:10:38","guid":{"rendered":"https:\/\/2025.power-shift.de\/youtube\/"},"modified":"2025-09-29T11:43:42","modified_gmt":"2025-09-29T09:43:42","slug":"youtube","status":"publish","type":"page","link":"https:\/\/power-shift.de\/en\/youtube\/","title":{"rendered":"YouTube"},"content":{"rendered":"<h1 style=\"text-align: center;\">Become part of our YouTube community!<\/h1>\n<p style=\"text-align: center;\">Are you annoyed that Meta is downgrading our content?<\/p>\n<p style=\"text-align: center;\"><a class=\"color-button green\" href=\"https:\/\/www.youtube.com\/user\/POWERSHIFTnetz?utm_source=x&amp;utm_medium=profil&amp;utm_campaign=youtube&amp;utm_content=\" target=\"_blank\" rel=\"noopener\">Follow us on YouTube!<\/a><\/p>\n<p style=\"text-align: center;\">Quite simply: Subscribe to our channel and activate the notifications.<\/p>\n<div class=\"wpex-alert wpex-alert-info\">\n<p><strong>Help me out!<\/strong><\/p>\n<p>We no longer want to depend on Meta. The algorithm makes our posts almost invisible.<\/p>\n<p>That's why we rely on YouTube, where you can subscribe to our channel and be notified when we publish new content.<\/p>\n<p>Not a perfect solution, yes. But the best we have right now.<\/p>\n<\/div>","protected":false},"excerpt":{"rendered":"<p>Werde Teil unserer YouTube-Community! Dich nervt es, dass Meta unseren Content herunterstuft? Folge uns zu YouTube! Ganz einfach: Abonniere unseren Kanal und aktiviere die Benachrichtigungen. Hilf mit! Wir wollen nicht l\u00e4nger von Meta abh\u00e4ngig sein. Der Algorithmus macht unsere Posts nahezu unsichtbar. DESHALB setzen wir auf YouTube, denn dort k\u00f6nnt ihr unseren Kanal abonnieren und&hellip;<\/p>","protected":false},"author":29,"featured_media":93669,"parent":0,"menu_order":31,"comment_status":"closed","ping_status":"closed","template":"","meta":{"_acf_changed":false,"footnotes":""},"categories":[],"tags":[],"thema":[],"coauthors":[252],"class_list":["post-96144","page","type-page","status-publish","has-post-thumbnail","hentry","entry","has-media"],"acf":[],"_links":{"self":[{"href":"https:\/\/power-shift.de\/en\/wp-json\/wp\/v2\/pages\/96144","targetHints":{"allow":["GET"]}}],"collection":[{"href":"https:\/\/power-shift.de\/en\/wp-json\/wp\/v2\/pages"}],"about":[{"href":"https:\/\/power-shift.de\/en\/wp-json\/wp\/v2\/types\/page"}],"author":[{"embeddable":true,"href":"https:\/\/power-shift.de\/en\/wp-json\/wp\/v2\/users\/29"}],"replies":[{"embeddable":true,"href":"https:\/\/power-shift.de\/en\/wp-json\/wp\/v2\/comments?post=96144"}],"version-history":[{"count":4,"href":"https:\/\/power-shift.de\/en\/wp-json\/wp\/v2\/pages\/96144\/revisions"}],"predecessor-version":[{"id":97328,"href":"https:\/\/power-shift.de\/en\/wp-json\/wp\/v2\/pages\/96144\/revisions\/97328"}],"wp:featuredmedia":[{"embeddable":true,"href":"https:\/\/power-shift.de\/en\/wp-json\/wp\/v2\/media\/93669"}],"wp:attachment":[{"href":"https:\/\/power-shift.de\/en\/wp-json\/wp\/v2\/media?parent=96144"}],"wp:term":[{"taxonomy":"category","embeddable":true,"href":"https:\/\/power-shift.de\/en\/wp-json\/wp\/v2\/categories?post=96144"},{"taxonomy":"post_tag","embeddable":true,"href":"https:\/\/power-shift.de\/en\/wp-json\/wp\/v2\/tags?post=96144"},{"taxonomy":"thema","embeddable":true,"href":"https:\/\/power-shift.de\/en\/wp-json\/wp\/v2\/thema?post=96144"},{"taxonomy":"author","embeddable":true,"href":"https:\/\/power-shift.de\/en\/wp-json\/wp\/v2\/coauthors?post=96144"}],"curies":[{"name":"wp","href":"https:\/\/api.w.org\/{rel}","templated":true}]}}